{"id":192,"date":"2020-03-10T14:01:22","date_gmt":"2020-03-10T14:01:22","guid":{"rendered":"http:\/\/www.kablow-ziegelei.de\/?page_id=192"},"modified":"2023-03-02T19:13:39","modified_gmt":"2023-03-02T19:13:39","slug":"vereine","status":"publish","type":"page","link":"https:\/\/www.kablow-ziegelei.de\/?page_id=192","title":{"rendered":"Vereine"},"content":{"rendered":"\n<p><strong>Eine \u00dcbersicht der Vereine in Kablow-Ziegelei:<\/strong><\/p>\n\n\n\n<p><a href=\"http:\/\/www.kablow-ziegelei.de\/?page_id=78\">OG Kablow-Ziegelei des DAV e. V<\/a> ( Anglerverein )<\/p>\n\n\n\n<p><a rel=\"noreferrer noopener\" aria-label=\"Fu\u00dfballverein SV Merkur Kablow-Ziegelei 1916 e.V. (\u00f6ffnet in neuem Tab)\" href=\"http:\/\/sv-merkur.com\/\" target=\"_blank\">Fu\u00dfballverein SV Merkur Kablow-Ziegelei 1916 e.V.<\/a> <\/p>\n\n\n\n<div class=\"is-layout-flow wp-block-group\"><div class=\"wp-block-group__inner-container\">\n<figure class=\"wp-block-image size-large\"><img decoding=\"async\" loading=\"lazy\" width=\"320\" height=\"141\" src=\"http:\/\/www.kablow-ziegelei.de\/wp-content\/uploads\/2020\/03\/svmerkur-Kopie.png\" alt=\"\" class=\"wp-image-205\" srcset=\"https:\/\/www.kablow-ziegelei.de\/wp-content\/uploads\/2020\/03\/svmerkur-Kopie.png 320w, https:\/\/www.kablow-ziegelei.de\/wp-content\/uploads\/2020\/03\/svmerkur-Kopie-300x132.png 300w\" sizes=\"(max-width: 320px) 100vw, 320px\" \/><\/figure>\n<\/div><\/div>\n\n\n\n<p>Kleing\u00e4rtnerverein \u201eSonnenschein\u201c e. V. Kablow Ziegelei<\/p>\n\n\n\n<div class=\"alignnormal\"><div id=\"metaslider-id-265\" style=\"width: 100%;\" class=\"ml-slider-3-28-3 metaslider metaslider-flex metaslider-265 ml-slider\">\n    <div id=\"metaslider_container_265\">\n        <div id=\"metaslider_265\">\n            <ul aria-live=\"polite\" class=\"slides\">\n                <li style=\"display: block; width: 100%;\" class=\"slide-267 ms-image\"><img src=\"https:\/\/www.kablow-ziegelei.de\/wp-content\/uploads\/2020\/03\/svmerkur-Kopie-320x137.png\" height=\"300\" width=\"700\" alt=\"\" class=\"slider-265 slide-267\" title=\"svmerkur-Kopie\" \/><\/li>\n                <li style=\"display: none; width: 100%;\" class=\"slide-268 ms-image\"><img src=\"https:\/\/www.kablow-ziegelei.de\/wp-content\/uploads\/2020\/02\/SVM-1-700x300.jpg\" height=\"300\" width=\"700\" alt=\"\" class=\"slider-265 slide-268\" title=\"SVM\" \/><\/li>\n                <li style=\"display: none; width: 100%;\" class=\"slide-269 ms-image\"><img src=\"https:\/\/www.kablow-ziegelei.de\/wp-content\/uploads\/2020\/02\/20190820_221552-scaled-700x300.jpg\" height=\"300\" width=\"700\" alt=\"\" class=\"slider-265 slide-269\" title=\"20190820_221552\" \/><\/li>\n            <\/ul>\n        <\/div>\n        \n    <\/div>\n<\/div><\/div>\n","protected":false},"excerpt":{"rendered":"<p>Eine \u00dcbersicht der Vereine in Kablow-Ziegelei: OG Kablow-Ziegelei des DAV e. V ( Anglerverein ) Fu\u00dfballverein SV Merkur Kablow-Ziegelei 1916 e.V. Kleing\u00e4rtnerverein \u201eSonnenschein\u201c e. V. Kablow Ziegelei<\/p>\n","protected":false},"author":1,"featured_media":205,"parent":0,"menu_order":0,"comment_status":"closed","ping_status":"closed","template":"","meta":[],"_links":{"self":[{"href":"https:\/\/www.kablow-ziegelei.de\/index.php?rest_route=\/wp\/v2\/pages\/192"}],"collection":[{"href":"https:\/\/www.kablow-ziegelei.de\/index.php?rest_route=\/wp\/v2\/pages"}],"about":[{"href":"https:\/\/www.kablow-ziegelei.de\/index.php?rest_route=\/wp\/v2\/types\/page"}],"author":[{"embeddable":true,"href":"https:\/\/www.kablow-ziegelei.de\/index.php?rest_route=\/wp\/v2\/users\/1"}],"replies":[{"embeddable":true,"href":"https:\/\/www.kablow-ziegelei.de\/index.php?rest_route=%2Fwp%2Fv2%2Fcomments&post=192"}],"version-history":[{"count":9,"href":"https:\/\/www.kablow-ziegelei.de\/index.php?rest_route=\/wp\/v2\/pages\/192\/revisions"}],"predecessor-version":[{"id":376,"href":"https:\/\/www.kablow-ziegelei.de\/index.php?rest_route=\/wp\/v2\/pages\/192\/revisions\/376"}],"wp:featuredmedia":[{"embeddable":true,"href":"https:\/\/www.kablow-ziegelei.de\/index.php?rest_route=\/wp\/v2\/media\/205"}],"wp:attachment":[{"href":"https:\/\/www.kablow-ziegelei.de\/index.php?rest_route=%2Fwp%2Fv2%2Fmedia&parent=192"}],"curies":[{"name":"wp","href":"https:\/\/api.w.org\/{rel}","templated":true}]}}