{"id":209,"date":"2020-03-10T14:56:23","date_gmt":"2020-03-10T14:56:23","guid":{"rendered":"http:\/\/www.kablow-ziegelei.de\/?page_id=209"},"modified":"2020-03-12T08:27:49","modified_gmt":"2020-03-12T08:27:49","slug":"computerservice-gusko","status":"publish","type":"page","link":"http:\/\/www.kablow-ziegelei.de\/?page_id=209","title":{"rendered":"PC Hardware &#038; Service Gusko"},"content":{"rendered":"\n<p>Das Thema Virus ist nicht nur aktuell in jeder Presse zu verfolgen, sondern auch ein Problem im Computerbereich.<\/p>\n\n\n\n<p>Computer in Bezug auf Software, Hardware, Internet, www und viele andere Sachen sind meine Spezialit\u00e4t.<\/p>\n\n\n\n<p>Sie m\u00f6chten einen Computer nach eigenen W\u00fcnschen zusammenstellen? Ich berate Sie gern \u00fcber aktuelle Komponenten und M\u00f6glichkeiten um mit Ihnen das f\u00fcr Sie beste Ergebnis zu erzielen.<\/p>\n\n\n\n<p>Ihr Computer l\u00e4uft nicht richtig? Der Drucker zuckt nicht? Der Bildschirm bleibt schwarz? Das Laptop macht Probleme? Auch das ist meine Baustelle.<\/p>\n\n\n\n<p>Nehmen Sie <strong><em><a href=\"http:\/\/www.kablow-ziegelei.de\/?page_id=237\">hier<\/a><\/em><\/strong> Kontakt mit mir auf und ich nehme mir gern die Zeit f\u00fcr Ihr Anliegen.<\/p>\n\n\n\n<p>Marcel Gusko<\/p>\n\n\n\n<figure class=\"wp-block-image size-large\"><img decoding=\"async\" loading=\"lazy\" width=\"1024\" height=\"682\" src=\"http:\/\/www.kablow-ziegelei.de\/wp-content\/uploads\/2020\/03\/kinder-1024x682.jpg\" alt=\"\" class=\"wp-image-211\" srcset=\"http:\/\/www.kablow-ziegelei.de\/wp-content\/uploads\/2020\/03\/kinder-1024x682.jpg 1024w, http:\/\/www.kablow-ziegelei.de\/wp-content\/uploads\/2020\/03\/kinder-300x200.jpg 300w, http:\/\/www.kablow-ziegelei.de\/wp-content\/uploads\/2020\/03\/kinder-768x512.jpg 768w, http:\/\/www.kablow-ziegelei.de\/wp-content\/uploads\/2020\/03\/kinder.jpg 1280w\" sizes=\"(max-width: 767px) 89vw, (max-width: 1000px) 54vw, (max-width: 1071px) 543px, 580px\" \/><figcaption>Bild von <a href=\"https:\/\/pixabay.com\/de\/users\/StartupStockPhotos-690514\/?utm_source=link-attribution&amp;utm_medium=referral&amp;utm_campaign=image&amp;utm_content=593313\">StartupStockPhotos<\/a> auf <a href=\"https:\/\/pixabay.com\/de\/?utm_source=link-attribution&amp;utm_medium=referral&amp;utm_campaign=image&amp;utm_content=593313\">Pixabay<\/a><\/figcaption><\/figure>\n\n\n\n<div class=\"is-layout-flow wp-block-group\"><div class=\"wp-block-group__inner-container\">\n<figure class=\"is-layout-flex wp-block-gallery-1 wp-block-gallery aligncenter columns-3 is-cropped\"><ul class=\"blocks-gallery-grid\"><li class=\"blocks-gallery-item\"><figure><img decoding=\"async\" loading=\"lazy\" width=\"768\" height=\"1024\" src=\"http:\/\/www.kablow-ziegelei.de\/wp-content\/uploads\/2020\/03\/PC-GUSKO_1-1-1-768x1024.jpg\" alt=\"\" data-id=\"231\" data-full-url=\"http:\/\/www.kablow-ziegelei.de\/wp-content\/uploads\/2020\/03\/PC-GUSKO_1-1-1.jpg\" data-link=\"http:\/\/www.kablow-ziegelei.de\/?attachment_id=231\" class=\"wp-image-231\" srcset=\"http:\/\/www.kablow-ziegelei.de\/wp-content\/uploads\/2020\/03\/PC-GUSKO_1-1-1-768x1024.jpg 768w, http:\/\/www.kablow-ziegelei.de\/wp-content\/uploads\/2020\/03\/PC-GUSKO_1-1-1-225x300.jpg 225w, http:\/\/www.kablow-ziegelei.de\/wp-content\/uploads\/2020\/03\/PC-GUSKO_1-1-1-1152x1536.jpg 1152w, http:\/\/www.kablow-ziegelei.de\/wp-content\/uploads\/2020\/03\/PC-GUSKO_1-1-1.jpg 1200w\" sizes=\"(max-width: 767px) 89vw, (max-width: 1000px) 54vw, (max-width: 1071px) 543px, 580px\" \/><\/figure><\/li><li class=\"blocks-gallery-item\"><figure><img decoding=\"async\" loading=\"lazy\" width=\"1024\" height=\"768\" src=\"http:\/\/www.kablow-ziegelei.de\/wp-content\/uploads\/2020\/03\/PC-GUSKO_1-2-1-1024x768.jpg\" alt=\"\" data-id=\"232\" data-full-url=\"http:\/\/www.kablow-ziegelei.de\/wp-content\/uploads\/2020\/03\/PC-GUSKO_1-2-1.jpg\" data-link=\"http:\/\/www.kablow-ziegelei.de\/?attachment_id=232\" class=\"wp-image-232\" srcset=\"http:\/\/www.kablow-ziegelei.de\/wp-content\/uploads\/2020\/03\/PC-GUSKO_1-2-1-1024x768.jpg 1024w, http:\/\/www.kablow-ziegelei.de\/wp-content\/uploads\/2020\/03\/PC-GUSKO_1-2-1-300x225.jpg 300w, http:\/\/www.kablow-ziegelei.de\/wp-content\/uploads\/2020\/03\/PC-GUSKO_1-2-1-768x576.jpg 768w, http:\/\/www.kablow-ziegelei.de\/wp-content\/uploads\/2020\/03\/PC-GUSKO_1-2-1-1536x1152.jpg 1536w, http:\/\/www.kablow-ziegelei.de\/wp-content\/uploads\/2020\/03\/PC-GUSKO_1-2-1.jpg 1600w\" sizes=\"(max-width: 767px) 89vw, (max-width: 1000px) 54vw, (max-width: 1071px) 543px, 580px\" \/><\/figure><\/li><li class=\"blocks-gallery-item\"><figure><img decoding=\"async\" loading=\"lazy\" width=\"768\" height=\"1024\" src=\"http:\/\/www.kablow-ziegelei.de\/wp-content\/uploads\/2020\/03\/PC-GUSKO_2-2-768x1024.jpg\" alt=\"\" data-id=\"233\" data-full-url=\"http:\/\/www.kablow-ziegelei.de\/wp-content\/uploads\/2020\/03\/PC-GUSKO_2-2.jpg\" data-link=\"http:\/\/www.kablow-ziegelei.de\/?attachment_id=233\" class=\"wp-image-233\" srcset=\"http:\/\/www.kablow-ziegelei.de\/wp-content\/uploads\/2020\/03\/PC-GUSKO_2-2-768x1024.jpg 768w, http:\/\/www.kablow-ziegelei.de\/wp-content\/uploads\/2020\/03\/PC-GUSKO_2-2-225x300.jpg 225w, http:\/\/www.kablow-ziegelei.de\/wp-content\/uploads\/2020\/03\/PC-GUSKO_2-2-1152x1536.jpg 1152w, http:\/\/www.kablow-ziegelei.de\/wp-content\/uploads\/2020\/03\/PC-GUSKO_2-2.jpg 1200w\" sizes=\"(max-width: 767px) 89vw, (max-width: 1000px) 54vw, (max-width: 1071px) 543px, 580px\" \/><\/figure><\/li><\/ul><figcaption class=\"blocks-gallery-caption\">Beispiel f\u00fcr beleuchtete Geh\u00e4use und Fl\u00fcssigk\u00fchlung<\/figcaption><\/figure>\n<\/div><\/div>\n","protected":false},"excerpt":{"rendered":"<p>Das Thema Virus ist nicht nur aktuell in jeder Presse zu verfolgen, sondern auch ein Problem im Computerbereich. Computer in Bezug auf Software, Hardware, Internet, www und viele andere Sachen sind meine Spezialit\u00e4t. Sie m\u00f6chten einen Computer nach eigenen W\u00fcnschen zusammenstellen? Ich berate Sie gern \u00fcber aktuelle Komponenten und M\u00f6glichkeiten um mit Ihnen das f\u00fcr &hellip; <\/p>\n<p class=\"link-more\"><a href=\"http:\/\/www.kablow-ziegelei.de\/?page_id=209\" class=\"more-link\"><span class=\"screen-reader-text\">\u201ePC Hardware &#038; Service Gusko\u201c<\/span> weiterlesen<\/a><\/p>\n","protected":false},"author":1,"featured_media":214,"parent":197,"menu_order":0,"comment_status":"closed","ping_status":"closed","template":"","meta":[],"_links":{"self":[{"href":"http:\/\/www.kablow-ziegelei.de\/index.php?rest_route=\/wp\/v2\/pages\/209"}],"collection":[{"href":"http:\/\/www.kablow-ziegelei.de\/index.php?rest_route=\/wp\/v2\/pages"}],"about":[{"href":"http:\/\/www.kablow-ziegelei.de\/index.php?rest_route=\/wp\/v2\/types\/page"}],"author":[{"embeddable":true,"href":"http:\/\/www.kablow-ziegelei.de\/index.php?rest_route=\/wp\/v2\/users\/1"}],"replies":[{"embeddable":true,"href":"http:\/\/www.kablow-ziegelei.de\/index.php?rest_route=%2Fwp%2Fv2%2Fcomments&post=209"}],"version-history":[{"count":5,"href":"http:\/\/www.kablow-ziegelei.de\/index.php?rest_route=\/wp\/v2\/pages\/209\/revisions"}],"predecessor-version":[{"id":251,"href":"http:\/\/www.kablow-ziegelei.de\/index.php?rest_route=\/wp\/v2\/pages\/209\/revisions\/251"}],"up":[{"embeddable":true,"href":"http:\/\/www.kablow-ziegelei.de\/index.php?rest_route=\/wp\/v2\/pages\/197"}],"wp:featuredmedia":[{"embeddable":true,"href":"http:\/\/www.kablow-ziegelei.de\/index.php?rest_route=\/wp\/v2\/media\/214"}],"wp:attachment":[{"href":"http:\/\/www.kablow-ziegelei.de\/index.php?rest_route=%2Fwp%2Fv2%2Fmedia&parent=209"}],"curies":[{"name":"wp","href":"https:\/\/api.w.org\/{rel}","templated":true}]}}